{"id":286,"date":"2019-12-08T10:02:47","date_gmt":"2019-12-08T10:02:47","guid":{"rendered":"http:\/\/ccxwdeo.cluster029.hosting.ovh.net\/?page_id=286"},"modified":"2025-03-02T20:06:23","modified_gmt":"2025-03-02T19:06:23","slug":"contact","status":"publish","type":"page","link":"https:\/\/emp.tn\/en\/contact\/","title":{"rendered":"Contact us"},"content":{"rendered":"<div data-elementor-type=\"wp-page\" data-elementor-id=\"286\" class=\"elementor elementor-286\">\n\t\t\t\t\t\t<section class=\"elementor-section elementor-top-section elementor-element elementor-element-a0f36d3 elementor-section-boxed elementor-section-height-default elementor-section-height-default\" data-id=\"a0f36d3\" data-element_type=\"section\">\n\t\t\t\t\t\t<div class=\"elementor-container elementor-column-gap-default\">\n\t\t\t\t\t<div class=\"elementor-column elementor-col-25 elementor-top-column elementor-element elementor-element-f5659b4\" data-id=\"f5659b4\" data-element_type=\"column\">\n\t\t\t<div class=\"elementor-widget-wrap elementor-element-populated\">\n\t\t\t\t\t\t<div class=\"elementor-element elementor-element-7a7f1b1 box_align elementor-align-center elementor-widget elementor-widget-tw-icon-box\" data-id=\"7a7f1b1\" data-element_type=\"widget\" data-widget_type=\"tw-icon-box.default\">\n\t\t\t\t<div class=\"elementor-widget-container\">\n\t\t\t\t\t<div class=\"icon_box_05\">\n            <i class=\"twi-map-marker-alt2\"><\/i>\n        <div class=\"ib5_inner\">\n            \n            <h3>Addresses<\/h3>\n                            <p>Sfax Headquarters \/ Tunis Headquarters \n<\/p>\n                    <\/div>\n<\/div>\t\t\t\t<\/div>\n\t\t\t\t<\/div>\n\t\t\t\t\t<\/div>\n\t\t<\/div>\n\t\t\t\t<div class=\"elementor-column elementor-col-25 elementor-top-column elementor-element elementor-element-321a5bb\" data-id=\"321a5bb\" data-element_type=\"column\">\n\t\t\t<div class=\"elementor-widget-wrap elementor-element-populated\">\n\t\t\t\t\t\t<div class=\"elementor-element elementor-element-aabd205 box_align elementor-align-center elementor-widget elementor-widget-tw-icon-box\" data-id=\"aabd205\" data-element_type=\"widget\" data-widget_type=\"tw-icon-box.default\">\n\t\t\t\t<div class=\"elementor-widget-container\">\n\t\t\t\t\t<div class=\"icon_box_05\">\n            <i class=\"twi-clock2\"><\/i>\n        <div class=\"ib5_inner\">\n            \n            <h3>Office hours<\/h3>\n                            <p>Mon - Fri: 08:00 to 18:00 <br> <\/p>\n                    <\/div>\n<\/div>\t\t\t\t<\/div>\n\t\t\t\t<\/div>\n\t\t\t\t\t<\/div>\n\t\t<\/div>\n\t\t\t\t<div class=\"elementor-column elementor-col-25 elementor-top-column elementor-element elementor-element-04e13de\" data-id=\"04e13de\" data-element_type=\"column\">\n\t\t\t<div class=\"elementor-widget-wrap elementor-element-populated\">\n\t\t\t\t\t\t<div class=\"elementor-element elementor-element-3ff8ba2 box_align elementor-align-center elementor-widget elementor-widget-tw-icon-box\" data-id=\"3ff8ba2\" data-element_type=\"widget\" data-widget_type=\"tw-icon-box.default\">\n\t\t\t\t<div class=\"elementor-widget-container\">\n\t\t\t\t\t<div class=\"icon_box_05\">\n            <i class=\"twi-phone2\"><\/i>\n        <div class=\"ib5_inner\">\n            \n            <h3>Phone<\/h3>\n                            <p>(+216) 70 682 907<\/p>\n                    <\/div>\n<\/div>\t\t\t\t<\/div>\n\t\t\t\t<\/div>\n\t\t\t\t\t<\/div>\n\t\t<\/div>\n\t\t\t\t<div class=\"elementor-column elementor-col-25 elementor-top-column elementor-element elementor-element-e02e820\" data-id=\"e02e820\" data-element_type=\"column\">\n\t\t\t<div class=\"elementor-widget-wrap elementor-element-populated\">\n\t\t\t\t\t\t<div class=\"elementor-element elementor-element-d9ad2db box_align elementor-align-center elementor-widget elementor-widget-tw-icon-box\" data-id=\"d9ad2db\" data-element_type=\"widget\" data-widget_type=\"tw-icon-box.default\">\n\t\t\t\t<div class=\"elementor-widget-container\">\n\t\t\t\t\t<div class=\"icon_box_05\">\n            <i class=\"twi-envelope2\"><\/i>\n        <div class=\"ib5_inner\">\n            \n            <h3>EMAIL ADDRESS<\/h3>\n                            <p> contact@emp.tn<\/p>\n                    <\/div>\n<\/div>\t\t\t\t<\/div>\n\t\t\t\t<\/div>\n\t\t\t\t\t<\/div>\n\t\t<\/div>\n\t\t\t\t\t<\/div>\n\t\t<\/section>\n\t\t\t\t<section class=\"elementor-section elementor-top-section elementor-element elementor-element-bcfe929 elementor-section-boxed elementor-section-height-default elementor-section-height-default\" data-id=\"bcfe929\" data-element_type=\"section\" data-settings=\"{&quot;background_background&quot;:&quot;classic&quot;}\">\n\t\t\t\t\t\t<div class=\"elementor-container elementor-column-gap-default\">\n\t\t\t\t\t<div class=\"elementor-column elementor-col-100 elementor-top-column elementor-element elementor-element-2d8c70d\" data-id=\"2d8c70d\" data-element_type=\"column\">\n\t\t\t<div class=\"elementor-widget-wrap elementor-element-populated\">\n\t\t\t\t\t\t<div class=\"elementor-element elementor-element-f863534 section_titles elementor-align-center elementor-widget elementor-widget-tw-section-title\" data-id=\"f863534\" data-element_type=\"widget\" data-widget_type=\"tw-section-title.default\">\n\t\t\t\t<div class=\"elementor-widget-container\">\n\t\t\t\t\t                    <h6 class=\"sub_title\">Get in touch<\/h6>\n                            <h2 class=\"sec_title\">\n                                    <span>Contact Form<\/span>\n                            <\/h2>\n                \t\t\t\t<\/div>\n\t\t\t\t<\/div>\n\t\t\t\t<div class=\"elementor-element elementor-element-55cc614 form_align elementor-align-center elementor-widget elementor-widget-tw-contact-form\" data-id=\"55cc614\" data-element_type=\"widget\" data-widget_type=\"tw-contact-form.default\">\n\t\t\t\t<div class=\"elementor-widget-container\">\n\t\t\t\t\t<div class=\"cotactForm\">\n<div class=\"wpcf7 no-js\" id=\"wpcf7-f5-o1\" lang=\"en-US\" dir=\"ltr\" data-wpcf7-id=\"5\">\n<div class=\"screen-reader-response\"><p role=\"status\" aria-live=\"polite\" aria-atomic=\"true\"><\/p> <ul><\/ul><\/div>\n<form action=\"\/en\/wp-json\/wp\/v2\/pages\/286#wpcf7-f5-o1\" method=\"post\" class=\"wpcf7-form init\" aria-label=\"Contact form\" enctype=\"multipart\/form-data\" novalidate=\"novalidate\" data-status=\"init\" data-trp-original-action=\"\/en\/wp-json\/wp\/v2\/pages\/286#wpcf7-f5-o1\">\n<fieldset class=\"hidden-fields-container\"><input type=\"hidden\" name=\"_wpcf7\" value=\"5\" \/><input type=\"hidden\" name=\"_wpcf7_version\" value=\"6.1.3\" \/><input type=\"hidden\" name=\"_wpcf7_locale\" value=\"en_US\" \/><input type=\"hidden\" name=\"_wpcf7_unit_tag\" value=\"wpcf7-f5-o1\" \/><input type=\"hidden\" name=\"_wpcf7_container_post\" value=\"0\" \/><input type=\"hidden\" name=\"_wpcf7_posted_data_hash\" value=\"\" \/>\n<\/fieldset>\n<div class=\"row\">\n\t<div class=\"col-xl-6 col-lg-6 col-md-6\">\n\t\t<div class=\"iconInput\">\n\t\t\t<p><span class=\"wpcf7-form-control-wrap\" data-name=\"text-819\"><input size=\"40\" maxlength=\"400\" class=\"wpcf7-form-control wpcf7-text wpcf7-validates-as-required\" aria-required=\"true\" aria-invalid=\"false\" placeholder=\"Enter Your Name\" value=\"\" type=\"text\" name=\"text-819\" \/><\/span><i class=\"twi-user2\"><\/i>\n\t\t\t<\/p>\n\t\t<\/div>\n\t<\/div>\n\t<div class=\"col-xl-6 col-lg-6 col-md-6\">\n\t\t<div class=\"iconInput\">\n\t\t\t<p><span class=\"wpcf7-form-control-wrap\" data-name=\"text-820\"><input size=\"40\" maxlength=\"400\" class=\"wpcf7-form-control wpcf7-text wpcf7-validates-as-required\" aria-required=\"true\" aria-invalid=\"false\" placeholder=\"Enter Your Number\" value=\"\" type=\"text\" name=\"text-820\" \/><\/span><i class=\"twi-phone2\"><\/i>\n\t\t\t<\/p>\n\t\t<\/div>\n\t<\/div>\n\t<div class=\"col-xl-6 col-lg-6 col-md-6\">\n\t\t<div class=\"iconInput\">\n\t\t\t<p><span class=\"wpcf7-form-control-wrap\" data-name=\"email-708\"><input size=\"40\" maxlength=\"400\" class=\"wpcf7-form-control wpcf7-email wpcf7-validates-as-required wpcf7-text wpcf7-validates-as-email\" aria-required=\"true\" aria-invalid=\"false\" placeholder=\"Enter Your Email\" value=\"\" type=\"email\" name=\"email-708\" \/><\/span><i class=\"twi-envelope2\"><\/i>\n\t\t\t<\/p>\n\t\t<\/div>\n\t<\/div>\n\t<div class=\"col-xl-6 col-lg-6 col-md-6\">\n\t\t<div class=\"iconInput\">\n\t\t\t<p><span class=\"wpcf7-form-control-wrap\" data-name=\"text-822\"><input size=\"40\" maxlength=\"400\" class=\"wpcf7-form-control wpcf7-text wpcf7-validates-as-required\" aria-required=\"true\" aria-invalid=\"false\" placeholder=\"Enter Your Subject\" value=\"\" type=\"text\" name=\"text-822\" \/><\/span><i class=\"twi-edit2\"><\/i>\n\t\t\t<\/p>\n\t\t<\/div>\n\t<\/div>\n\t<div class=\"col-xl-12\">\n\t\t<div class=\"iconInput\">\n\t\t\t<p><span class=\"wpcf7-form-control-wrap\" data-name=\"textarea-472\"><textarea cols=\"40\" rows=\"10\" maxlength=\"2000\" class=\"wpcf7-form-control wpcf7-textarea wpcf7-validates-as-required\" aria-required=\"true\" aria-invalid=\"false\" placeholder=\"Add your message here\" name=\"textarea-472\"><\/textarea><\/span><i class=\"twi-pencil-alt2\"><\/i>\n\t\t\t<\/p>\n\t\t<\/div>\n\t<\/div>\n\t<div class=\"col-xl-12 text-center\">\n\t\t<p><span class=\"wpcf7-form-control-wrap\" data-name=\"file-761\"><input size=\"40\" class=\"wpcf7-form-control wpcf7-file\" accept=\"audio\/*,video\/*,image\/*\" aria-invalid=\"false\" type=\"file\" name=\"file-761\" \/><\/span><input class=\"wpcf7-form-control wpcf7-submit has-spinner\" type=\"submit\" value=\"Send Message\" \/>\n\t\t<\/p>\n\t<\/div>\n<\/div><p style=\"display: none !important;\" class=\"akismet-fields-container\" data-prefix=\"_wpcf7_ak_\"><label>&#916;<textarea name=\"_wpcf7_ak_hp_textarea\" cols=\"45\" rows=\"8\" maxlength=\"100\"><\/textarea><\/label><input type=\"hidden\" id=\"ak_js_1\" name=\"_wpcf7_ak_js\" value=\"175\"\/><script>document.getElementById( \"ak_js_1\" ).setAttribute( \"value\", ( new Date() ).getTime() );<\/script><\/p><div class=\"wpcf7-response-output\" aria-hidden=\"true\"><\/div>\n<input type=\"hidden\" name=\"trp-form-language\" value=\"en\"\/><\/form>\n<\/div>\n<\/div>\t\t\t\t<\/div>\n\t\t\t\t<\/div>\n\t\t\t\t\t<\/div>\n\t\t<\/div>\n\t\t\t\t\t<\/div>\n\t\t<\/section>\n\t\t\t\t<\/div>","protected":false},"excerpt":{"rendered":"<p>Adresses Si\u00e8ge Sfax \/ Si\u00e8ge Tunis Horaires de bureau Lun &#8211; Ven: 08:00 \u00e0 18:00 T\u00e9l\u00e9phone (+216) 70 682 907 ADRESSE E-MAIL contact@emp.tn Prenez contact Contact Form &#916;<\/p>","protected":false},"author":1,"featured_media":0,"parent":0,"menu_order":0,"comment_status":"closed","ping_status":"closed","template":"page-templates\/full-width.php","meta":{"footnotes":""},"class_list":["post-286","page","type-page","status-publish","hentry"],"yoast_head":"<!-- This site is optimized with the Yoast SEO plugin v26.4 - https:\/\/yoast.com\/wordpress\/plugins\/seo\/ -->\n<title>Contactez nous - EMP<\/title>\n<meta name=\"robots\" content=\"index, follow, max-snippet:-1, max-image-preview:large, max-video-preview:-1\" \/>\n<link rel=\"canonical\" href=\"https:\/\/emp.tn\/en\/contact\/\" \/>\n<meta property=\"og:locale\" content=\"en_GB\" \/>\n<meta property=\"og:type\" content=\"article\" \/>\n<meta property=\"og:title\" content=\"Contactez nous - EMP\" \/>\n<meta property=\"og:description\" content=\"Adresses Si\u00e8ge Sfax \/ Si\u00e8ge Tunis Horaires de bureau Lun &#8211; Ven: 08:00 \u00e0 18:00 T\u00e9l\u00e9phone (+216) 70 682 907 ADRESSE E-MAIL contact@emp.tn Prenez contact Contact Form &#916;\" \/>\n<meta property=\"og:url\" content=\"https:\/\/emp.tn\/en\/contact\/\" \/>\n<meta property=\"og:site_name\" content=\"EMP\" \/>\n<meta property=\"article:publisher\" content=\"https:\/\/www.facebook.com\/engineeringmachiningprecision\" \/>\n<meta property=\"article:modified_time\" content=\"2025-03-02T19:06:23+00:00\" \/>\n<meta name=\"twitter:card\" content=\"summary_large_image\" \/>\n<script type=\"application\/ld+json\" class=\"yoast-schema-graph\">{\"@context\":\"https:\/\/schema.org\",\"@graph\":[{\"@type\":\"WebPage\",\"@id\":\"https:\/\/emp.tn\/contact\/\",\"url\":\"https:\/\/emp.tn\/contact\/\",\"name\":\"Contactez nous - EMP\",\"isPartOf\":{\"@id\":\"https:\/\/emp.tn\/#website\"},\"datePublished\":\"2019-12-08T10:02:47+00:00\",\"dateModified\":\"2025-03-02T19:06:23+00:00\",\"breadcrumb\":{\"@id\":\"https:\/\/emp.tn\/contact\/#breadcrumb\"},\"inLanguage\":\"en-GB\",\"potentialAction\":[{\"@type\":\"ReadAction\",\"target\":[\"https:\/\/emp.tn\/contact\/\"]}]},{\"@type\":\"BreadcrumbList\",\"@id\":\"https:\/\/emp.tn\/contact\/#breadcrumb\",\"itemListElement\":[{\"@type\":\"ListItem\",\"position\":1,\"name\":\"Accueil\",\"item\":\"https:\/\/emp.tn\/\"},{\"@type\":\"ListItem\",\"position\":2,\"name\":\"Contactez nous\"}]},{\"@type\":\"WebSite\",\"@id\":\"https:\/\/emp.tn\/#website\",\"url\":\"https:\/\/emp.tn\/\",\"name\":\"EMP\",\"description\":\"Engineering and Machining precision\",\"publisher\":{\"@id\":\"https:\/\/emp.tn\/#organization\"},\"potentialAction\":[{\"@type\":\"SearchAction\",\"target\":{\"@type\":\"EntryPoint\",\"urlTemplate\":\"https:\/\/emp.tn\/?s={search_term_string}\"},\"query-input\":{\"@type\":\"PropertyValueSpecification\",\"valueRequired\":true,\"valueName\":\"search_term_string\"}}],\"inLanguage\":\"en-GB\"},{\"@type\":\"Organization\",\"@id\":\"https:\/\/emp.tn\/#organization\",\"name\":\"EMP\",\"url\":\"https:\/\/emp.tn\/\",\"logo\":{\"@type\":\"ImageObject\",\"inLanguage\":\"en-GB\",\"@id\":\"https:\/\/emp.tn\/#\/schema\/logo\/image\/\",\"url\":\"https:\/\/emp.tn\/wp-content\/uploads\/2019\/12\/cropped-Logo-emp-Ahmed.png\",\"contentUrl\":\"https:\/\/emp.tn\/wp-content\/uploads\/2019\/12\/cropped-Logo-emp-Ahmed.png\",\"width\":512,\"height\":512,\"caption\":\"EMP\"},\"image\":{\"@id\":\"https:\/\/emp.tn\/#\/schema\/logo\/image\/\"},\"sameAs\":[\"https:\/\/www.facebook.com\/engineeringmachiningprecision\"]}]}<\/script>\n<!-- \/ Yoast SEO plugin. -->","yoast_head_json":{"title":"Contactez nous - EMP","robots":{"index":"index","follow":"follow","max-snippet":"max-snippet:-1","max-image-preview":"max-image-preview:large","max-video-preview":"max-video-preview:-1"},"canonical":"https:\/\/emp.tn\/en\/contact\/","og_locale":"en_GB","og_type":"article","og_title":"Contactez nous - EMP","og_description":"Adresses Si\u00e8ge Sfax \/ Si\u00e8ge Tunis Horaires de bureau Lun &#8211; Ven: 08:00 \u00e0 18:00 T\u00e9l\u00e9phone (+216) 70 682 907 ADRESSE E-MAIL contact@emp.tn Prenez contact Contact Form &#916;","og_url":"https:\/\/emp.tn\/en\/contact\/","og_site_name":"EMP","article_publisher":"https:\/\/www.facebook.com\/engineeringmachiningprecision","article_modified_time":"2025-03-02T19:06:23+00:00","twitter_card":"summary_large_image","schema":{"@context":"https:\/\/schema.org","@graph":[{"@type":"WebPage","@id":"https:\/\/emp.tn\/contact\/","url":"https:\/\/emp.tn\/contact\/","name":"Contactez nous - EMP","isPartOf":{"@id":"https:\/\/emp.tn\/#website"},"datePublished":"2019-12-08T10:02:47+00:00","dateModified":"2025-03-02T19:06:23+00:00","breadcrumb":{"@id":"https:\/\/emp.tn\/contact\/#breadcrumb"},"inLanguage":"en-GB","potentialAction":[{"@type":"ReadAction","target":["https:\/\/emp.tn\/contact\/"]}]},{"@type":"BreadcrumbList","@id":"https:\/\/emp.tn\/contact\/#breadcrumb","itemListElement":[{"@type":"ListItem","position":1,"name":"Accueil","item":"https:\/\/emp.tn\/"},{"@type":"ListItem","position":2,"name":"Contactez nous"}]},{"@type":"WebSite","@id":"https:\/\/emp.tn\/#website","url":"https:\/\/emp.tn\/","name":"EMP","description":"Engineering and Machining precision","publisher":{"@id":"https:\/\/emp.tn\/#organization"},"potentialAction":[{"@type":"SearchAction","target":{"@type":"EntryPoint","urlTemplate":"https:\/\/emp.tn\/?s={search_term_string}"},"query-input":{"@type":"PropertyValueSpecification","valueRequired":true,"valueName":"search_term_string"}}],"inLanguage":"en-GB"},{"@type":"Organization","@id":"https:\/\/emp.tn\/#organization","name":"EMP","url":"https:\/\/emp.tn\/","logo":{"@type":"ImageObject","inLanguage":"en-GB","@id":"https:\/\/emp.tn\/#\/schema\/logo\/image\/","url":"https:\/\/emp.tn\/wp-content\/uploads\/2019\/12\/cropped-Logo-emp-Ahmed.png","contentUrl":"https:\/\/emp.tn\/wp-content\/uploads\/2019\/12\/cropped-Logo-emp-Ahmed.png","width":512,"height":512,"caption":"EMP"},"image":{"@id":"https:\/\/emp.tn\/#\/schema\/logo\/image\/"},"sameAs":["https:\/\/www.facebook.com\/engineeringmachiningprecision"]}]}},"_links":{"self":[{"href":"https:\/\/emp.tn\/en\/wp-json\/wp\/v2\/pages\/286","targetHints":{"allow":["GET"]}}],"collection":[{"href":"https:\/\/emp.tn\/en\/wp-json\/wp\/v2\/pages"}],"about":[{"href":"https:\/\/emp.tn\/en\/wp-json\/wp\/v2\/types\/page"}],"author":[{"embeddable":true,"href":"https:\/\/emp.tn\/en\/wp-json\/wp\/v2\/users\/1"}],"replies":[{"embeddable":true,"href":"https:\/\/emp.tn\/en\/wp-json\/wp\/v2\/comments?post=286"}],"version-history":[{"count":50,"href":"https:\/\/emp.tn\/en\/wp-json\/wp\/v2\/pages\/286\/revisions"}],"predecessor-version":[{"id":1735,"href":"https:\/\/emp.tn\/en\/wp-json\/wp\/v2\/pages\/286\/revisions\/1735"}],"wp:attachment":[{"href":"https:\/\/emp.tn\/en\/wp-json\/wp\/v2\/media?parent=286"}],"curies":[{"name":"wp","href":"https:\/\/api.w.org\/{rel}","templated":true}]}}