{"id":1785,"date":"2025-03-11T14:41:21","date_gmt":"2025-03-11T13:41:21","guid":{"rendered":"https:\/\/emp.tn\/?page_id=1785"},"modified":"2025-04-11T12:40:28","modified_gmt":"2025-04-11T11:40:28","slug":"offres-emploi","status":"publish","type":"page","link":"https:\/\/emp.tn\/en\/offres-emploi\/","title":{"rendered":"job offers"},"content":{"rendered":"<div data-elementor-type=\"wp-page\" data-elementor-id=\"1785\" class=\"elementor elementor-1785\">\n\t\t\t\t\t\t<section class=\"elementor-section elementor-top-section elementor-element elementor-element-0fbcca2 elementor-section-boxed elementor-section-height-default elementor-section-height-default\" data-id=\"0fbcca2\" data-element_type=\"section\">\n\t\t\t\t\t\t<div class=\"elementor-container elementor-column-gap-default\">\n\t\t\t\t\t<div class=\"elementor-column elementor-col-100 elementor-top-column elementor-element elementor-element-d3fc2a2\" data-id=\"d3fc2a2\" data-element_type=\"column\">\n\t\t\t<div class=\"elementor-widget-wrap elementor-element-populated\">\n\t\t\t\t\t\t<div class=\"elementor-element elementor-element-f5796e5 elementor-widget__width-initial section_titles elementor-align-left elementor-widget elementor-widget-tw-section-title\" data-id=\"f5796e5\" data-element_type=\"widget\" data-widget_type=\"tw-section-title.default\">\n\t\t\t\t<div class=\"elementor-widget-container\">\n\t\t\t\t\t                    <h6 class=\"sub_title\">Engineering and machining precision<\/h6>\n                            <h2 class=\"sec_title\">\n                                <span><i class=\"icofont-bag-alt\"><\/i>\n                    <span>Discover our opportunities and advance your career with us.<\/span>\n                <\/span>\n                            <\/h2>\n                \t\t\t\t<\/div>\n\t\t\t\t<\/div>\n\t\t\t\t\t<\/div>\n\t\t<\/div>\n\t\t\t\t\t<\/div>\n\t\t<\/section>\n\t\t\t\t<section class=\"elementor-section elementor-top-section elementor-element elementor-element-1bd9905 elementor-section-boxed elementor-section-height-default elementor-section-height-default\" data-id=\"1bd9905\" data-element_type=\"section\">\n\t\t\t\t\t\t<div class=\"elementor-container elementor-column-gap-default\">\n\t\t\t\t\t<div class=\"elementor-column elementor-col-100 elementor-top-column elementor-element elementor-element-58b608a\" data-id=\"58b608a\" data-element_type=\"column\">\n\t\t\t<div class=\"elementor-widget-wrap elementor-element-populated\">\n\t\t\t\t\t\t<div class=\"elementor-element elementor-element-c262312 elementor-widget elementor-widget-shortcode\" data-id=\"c262312\" data-element_type=\"widget\" data-widget_type=\"shortcode.default\">\n\t\t\t\t<div class=\"elementor-widget-container\">\n\t\t\t\t\t\t\t<div class=\"elementor-shortcode\">\t<div class=\"awsm-job-wrap\">\n\n\t\t\n\t\t<div class=\"awsm-job-listings awsm-row awsm-grid-col-3\" data-listings=\"10\">\n\t\t\t<div class=\"awsm-job-listing-item awsm-grid-item\" id=\"awsm-grid-item-1833\">\t\t<a href=\"https:\/\/emp.tn\/en\/jobs\/gestionnaire-magasin-site-sfax\/\" class=\"awsm-job-item\">\t\t\t<div class=\"awsm-grid-left-col\">\n\t\t\t\t\n\t\t\t\t\n\t\t\t\t<h2 class=\"awsm-job-post-title\">\n\t\t\t\t\tStore Manager (Sfax site)\t\t\t\t<\/h2>\n\n\t\t\t\t\t\t\t<\/div>\n\n\t\t\t<div class=\"awsm-grid-right-col\">\n\t\t\t\t<div class=\"awsm-job-specification-wrapper\"><div class=\"awsm-job-specification-item awsm-job-specification-job-location\"><span class=\"awsm-job-specification-term\">Site Sfax: Route mahdia Sekiet Eddayer \u2013Sfax<\/span> <\/div><\/div><div class=\"awsm-job-more-container\"><span class=\"awsm-job-more\">More Details <span><\/span><\/span><\/div>\t\t\t<\/div>\n\t\t<\/a>\t<\/div><div class=\"awsm-job-listing-item awsm-grid-item\" id=\"awsm-grid-item-1831\">\t\t<a href=\"https:\/\/emp.tn\/en\/jobs\/chaudronnier\/\" class=\"awsm-job-item\">\t\t\t<div class=\"awsm-grid-left-col\">\n\t\t\t\t\n\t\t\t\t\n\t\t\t\t<h2 class=\"awsm-job-post-title\">\n\t\t\t\t\tBoilermaker (Sfax site)\t\t\t\t<\/h2>\n\n\t\t\t\t\t\t\t<\/div>\n\n\t\t\t<div class=\"awsm-grid-right-col\">\n\t\t\t\t<div class=\"awsm-job-specification-wrapper\"><div class=\"awsm-job-specification-item awsm-job-specification-job-location\"><span class=\"awsm-job-specification-term\">Site Sfax: Route mahdia Sekiet Eddayer \u2013Sfax<\/span> <\/div><\/div><div class=\"awsm-job-more-container\"><span class=\"awsm-job-more\">More Details <span><\/span><\/span><\/div>\t\t\t<\/div>\n\t\t<\/a>\t<\/div><div class=\"awsm-job-listing-item awsm-grid-item\" id=\"awsm-grid-item-1826\">\t\t<a href=\"https:\/\/emp.tn\/en\/jobs\/soudeurs\/\" class=\"awsm-job-item\">\t\t\t<div class=\"awsm-grid-left-col\">\n\t\t\t\t\n\t\t\t\t\n\t\t\t\t<h2 class=\"awsm-job-post-title\">\n\t\t\t\t\tWelders (Sfax site)\t\t\t\t<\/h2>\n\n\t\t\t\t\t\t\t<\/div>\n\n\t\t\t<div class=\"awsm-grid-right-col\">\n\t\t\t\t<div class=\"awsm-job-specification-wrapper\"><div class=\"awsm-job-specification-item awsm-job-specification-job-location\"><span class=\"awsm-job-specification-term\">Site Sfax: Route mahdia Sekiet Eddayer \u2013Sfax<\/span> <\/div><\/div><div class=\"awsm-job-more-container\"><span class=\"awsm-job-more\">More Details <span><\/span><\/span><\/div>\t\t\t<\/div>\n\t\t<\/a>\t<\/div><div class=\"awsm-job-listing-item awsm-grid-item\" id=\"awsm-grid-item-1825\">\t\t<a href=\"https:\/\/emp.tn\/en\/jobs\/assistant-methode-et-chiffrage\/\" class=\"awsm-job-item\">\t\t\t<div class=\"awsm-grid-left-col\">\n\t\t\t\t\n\t\t\t\t\n\t\t\t\t<h2 class=\"awsm-job-post-title\">\n\t\t\t\t\tMethods and Estimating Assistant (Sfax site)\t\t\t\t<\/h2>\n\n\t\t\t\t\t\t\t<\/div>\n\n\t\t\t<div class=\"awsm-grid-right-col\">\n\t\t\t\t<div class=\"awsm-job-specification-wrapper\"><div class=\"awsm-job-specification-item awsm-job-specification-job-location\"><span class=\"awsm-job-specification-term\">Site Sfax: Route mahdia Sekiet Eddayer \u2013Sfax<\/span> <\/div><\/div><div class=\"awsm-job-more-container\"><span class=\"awsm-job-more\">More Details <span><\/span><\/span><\/div>\t\t\t<\/div>\n\t\t<\/a>\t<\/div><div class=\"awsm-job-listing-item awsm-grid-item\" id=\"awsm-grid-item-1821\">\t\t<a href=\"https:\/\/emp.tn\/en\/jobs\/technicien-machine-cnc\/\" class=\"awsm-job-item\">\t\t\t<div class=\"awsm-grid-left-col\">\n\t\t\t\t\n\t\t\t\t\n\t\t\t\t<h2 class=\"awsm-job-post-title\">\n\t\t\t\t\tCNC Machine Technician\t\t\t\t<\/h2>\n\n\t\t\t\t\t\t\t<\/div>\n\n\t\t\t<div class=\"awsm-grid-right-col\">\n\t\t\t\t<div class=\"awsm-job-specification-wrapper\"><div class=\"awsm-job-specification-item awsm-job-specification-job-location\"><span class=\"awsm-job-specification-term\">Site Sfax: Route mahdia Sekiet Eddayer \u2013Sfax<\/span> <span class=\"awsm-job-specification-term\">Site Tunis : 113 rue Jawdet El hayet Chotrana 1- Sidi Salah<\/span> <\/div><\/div><div class=\"awsm-job-more-container\"><span class=\"awsm-job-more\">More Details <span><\/span><\/span><\/div>\t\t\t<\/div>\n\t\t<\/a>\t<\/div><div class=\"awsm-job-listing-item awsm-grid-item\" id=\"awsm-grid-item-1802\">\t\t<a href=\"https:\/\/emp.tn\/en\/jobs\/responsable-financier-et-comptable\/\" class=\"awsm-job-item\">\t\t\t<div class=\"awsm-grid-left-col\">\n\t\t\t\t\n\t\t\t\t\n\t\t\t\t<h2 class=\"awsm-job-post-title\">\n\t\t\t\t\tFinancial and Accounting Manager\t\t\t\t<\/h2>\n\n\t\t\t\t\t\t\t<\/div>\n\n\t\t\t<div class=\"awsm-grid-right-col\">\n\t\t\t\t<div class=\"awsm-job-specification-wrapper\"><div class=\"awsm-job-specification-item awsm-job-specification-job-location\"><span class=\"awsm-job-specification-term\">Site Tunis : 113 rue Jawdet El hayet Chotrana 1- Sidi Salah<\/span> <\/div><\/div><div class=\"awsm-job-more-container\"><span class=\"awsm-job-more\">More Details <span><\/span><\/span><\/div>\t\t\t<\/div>\n\t\t<\/a>\t<\/div><div class=\"awsm-job-listing-item awsm-grid-item\" id=\"awsm-grid-item-1762\">\t\t<a href=\"https:\/\/emp.tn\/en\/jobs\/assistante-comptable-financier\/\" class=\"awsm-job-item\">\t\t\t<div class=\"awsm-grid-left-col\">\n\t\t\t\t\n\t\t\t\t\n\t\t\t\t<h2 class=\"awsm-job-post-title\">\n\t\t\t\t\tAccounting and Finance Assistant\t\t\t\t<\/h2>\n\n\t\t\t\t\t\t\t<\/div>\n\n\t\t\t<div class=\"awsm-grid-right-col\">\n\t\t\t\t<div class=\"awsm-job-specification-wrapper\"><div class=\"awsm-job-specification-item awsm-job-specification-job-location\"><span class=\"awsm-job-specification-term\">Site Tunis : 113 rue Jawdet El hayet Chotrana 1- Sidi Salah<\/span> <\/div><\/div><div class=\"awsm-job-more-container\"><span class=\"awsm-job-more\">More Details <span><\/span><\/span><\/div>\t\t\t<\/div>\n\t\t<\/a>\t<\/div>\t\t<\/div>\n\n\t<\/div>\n\t<\/div>\n\t\t\t\t\t\t<\/div>\n\t\t\t\t<\/div>\n\t\t\t\t\t<\/div>\n\t\t<\/div>\n\t\t\t\t\t<\/div>\n\t\t<\/section>\n\t\t\t\t<section class=\"elementor-section elementor-top-section elementor-element elementor-element-56a8690 elementor-section-boxed elementor-section-height-default elementor-section-height-default\" data-id=\"56a8690\" data-element_type=\"section\" data-settings=\"{&quot;background_background&quot;:&quot;classic&quot;}\">\n\t\t\t\t\t\t\t<div class=\"elementor-background-overlay\"><\/div>\n\t\t\t\t\t\t\t<div class=\"elementor-container elementor-column-gap-default\">\n\t\t\t\t\t<div class=\"elementor-column elementor-col-66 elementor-top-column elementor-element elementor-element-616eed8\" data-id=\"616eed8\" data-element_type=\"column\">\n\t\t\t<div class=\"elementor-widget-wrap elementor-element-populated\">\n\t\t\t\t\t\t<div class=\"elementor-element elementor-element-3422de0 callToaction elementor-mobile-align-center callToaction elementor-align-left elementor-widget elementor-widget-tw-call-to-action\" data-id=\"3422de0\" data-element_type=\"widget\" data-widget_type=\"tw-call-to-action.default\">\n\t\t\t\t<div class=\"elementor-widget-container\">\n\t\t\t\t\t                <div class=\"cta_left_02\">\n                                            <i class=\"twi-phone2\"><\/i>\n                                                                <h6>We are available 24\/7<\/h6>\n                                                                <h2>Get an online quote<\/h2>\n                                    <\/div>\n                \t\t\t\t<\/div>\n\t\t\t\t<\/div>\n\t\t\t\t\t<\/div>\n\t\t<\/div>\n\t\t\t\t<div class=\"elementor-column elementor-col-33 elementor-top-column elementor-element elementor-element-912d5b8\" data-id=\"912d5b8\" data-element_type=\"column\">\n\t\t\t<div class=\"elementor-widget-wrap elementor-element-populated\">\n\t\t\t\t\t\t<div class=\"elementor-element elementor-element-f5ef34a btn_align elementor-align-right btn_align elementor-mobile-align-center elementor-widget elementor-widget-tw-button\" data-id=\"f5ef34a\" data-element_type=\"widget\" data-widget_type=\"tw-button.default\">\n\t\t\t\t<div class=\"elementor-widget-container\">\n\t\t\t\t\t                    <a href=\"https:\/\/emp.tn\/en\/contact\/\"  target=\"_blank\"  rel=\"nofollow\" class=\"ind_btn\"><span>Request for quotation<\/span><\/a>\n                \t\t\t\t<\/div>\n\t\t\t\t<\/div>\n\t\t\t\t\t<\/div>\n\t\t<\/div>\n\t\t\t\t\t<\/div>\n\t\t<\/section>\n\t\t\t\t<\/div>","protected":false},"excerpt":{"rendered":"<p>Engineering and machining precision D\u00e9couvrez nos opportunit\u00e9s et faites \u00e9voluer votre carri\u00e8re avec nous 24\/7 nous sommes disponibles Obtenez un devis en ligne Demandez un devis<\/p>","protected":false},"author":1,"featured_media":0,"parent":0,"menu_order":0,"comment_status":"closed","ping_status":"closed","template":"page-templates\/full-width.php","meta":{"footnotes":""},"class_list":["post-1785","page","type-page","status-publish","hentry"],"yoast_head":"<!-- This site is optimized with the Yoast SEO plugin v26.4 - https:\/\/yoast.com\/wordpress\/plugins\/seo\/ -->\n<title>Offres d&#039;emploi - EMP<\/title>\n<meta name=\"robots\" content=\"index, follow, max-snippet:-1, max-image-preview:large, max-video-preview:-1\" \/>\n<link rel=\"canonical\" href=\"https:\/\/emp.tn\/en\/offres-emploi\/\" \/>\n<meta property=\"og:locale\" content=\"en_GB\" \/>\n<meta property=\"og:type\" content=\"article\" \/>\n<meta property=\"og:title\" content=\"Offres d&#039;emploi - EMP\" \/>\n<meta property=\"og:description\" content=\"Engineering and machining precision D\u00e9couvrez nos opportunit\u00e9s et faites \u00e9voluer votre carri\u00e8re avec nous 24\/7 nous sommes disponibles Obtenez un devis en ligne Demandez un devis\" \/>\n<meta property=\"og:url\" content=\"https:\/\/emp.tn\/en\/offres-emploi\/\" \/>\n<meta property=\"og:site_name\" content=\"EMP\" \/>\n<meta property=\"article:publisher\" content=\"https:\/\/www.facebook.com\/engineeringmachiningprecision\" \/>\n<meta property=\"article:modified_time\" content=\"2025-04-11T11:40:28+00:00\" \/>\n<meta name=\"twitter:card\" content=\"summary_large_image\" \/>\n<script type=\"application\/ld+json\" class=\"yoast-schema-graph\">{\"@context\":\"https:\/\/schema.org\",\"@graph\":[{\"@type\":\"WebPage\",\"@id\":\"https:\/\/emp.tn\/offres-emploi\/\",\"url\":\"https:\/\/emp.tn\/offres-emploi\/\",\"name\":\"Offres d'emploi - EMP\",\"isPartOf\":{\"@id\":\"https:\/\/emp.tn\/#website\"},\"datePublished\":\"2025-03-11T13:41:21+00:00\",\"dateModified\":\"2025-04-11T11:40:28+00:00\",\"breadcrumb\":{\"@id\":\"https:\/\/emp.tn\/offres-emploi\/#breadcrumb\"},\"inLanguage\":\"en-GB\",\"potentialAction\":[{\"@type\":\"ReadAction\",\"target\":[\"https:\/\/emp.tn\/offres-emploi\/\"]}]},{\"@type\":\"BreadcrumbList\",\"@id\":\"https:\/\/emp.tn\/offres-emploi\/#breadcrumb\",\"itemListElement\":[{\"@type\":\"ListItem\",\"position\":1,\"name\":\"Accueil\",\"item\":\"https:\/\/emp.tn\/\"},{\"@type\":\"ListItem\",\"position\":2,\"name\":\"Offres d&#8217;emploi\"}]},{\"@type\":\"WebSite\",\"@id\":\"https:\/\/emp.tn\/#website\",\"url\":\"https:\/\/emp.tn\/\",\"name\":\"EMP\",\"description\":\"Engineering and Machining precision\",\"publisher\":{\"@id\":\"https:\/\/emp.tn\/#organization\"},\"potentialAction\":[{\"@type\":\"SearchAction\",\"target\":{\"@type\":\"EntryPoint\",\"urlTemplate\":\"https:\/\/emp.tn\/?s={search_term_string}\"},\"query-input\":{\"@type\":\"PropertyValueSpecification\",\"valueRequired\":true,\"valueName\":\"search_term_string\"}}],\"inLanguage\":\"en-GB\"},{\"@type\":\"Organization\",\"@id\":\"https:\/\/emp.tn\/#organization\",\"name\":\"EMP\",\"url\":\"https:\/\/emp.tn\/\",\"logo\":{\"@type\":\"ImageObject\",\"inLanguage\":\"en-GB\",\"@id\":\"https:\/\/emp.tn\/#\/schema\/logo\/image\/\",\"url\":\"https:\/\/emp.tn\/wp-content\/uploads\/2019\/12\/cropped-Logo-emp-Ahmed.png\",\"contentUrl\":\"https:\/\/emp.tn\/wp-content\/uploads\/2019\/12\/cropped-Logo-emp-Ahmed.png\",\"width\":512,\"height\":512,\"caption\":\"EMP\"},\"image\":{\"@id\":\"https:\/\/emp.tn\/#\/schema\/logo\/image\/\"},\"sameAs\":[\"https:\/\/www.facebook.com\/engineeringmachiningprecision\"]}]}<\/script>\n<!-- \/ Yoast SEO plugin. -->","yoast_head_json":{"title":"Offres d'emploi - EMP","robots":{"index":"index","follow":"follow","max-snippet":"max-snippet:-1","max-image-preview":"max-image-preview:large","max-video-preview":"max-video-preview:-1"},"canonical":"https:\/\/emp.tn\/en\/offres-emploi\/","og_locale":"en_GB","og_type":"article","og_title":"Offres d'emploi - EMP","og_description":"Engineering and machining precision D\u00e9couvrez nos opportunit\u00e9s et faites \u00e9voluer votre carri\u00e8re avec nous 24\/7 nous sommes disponibles Obtenez un devis en ligne Demandez un devis","og_url":"https:\/\/emp.tn\/en\/offres-emploi\/","og_site_name":"EMP","article_publisher":"https:\/\/www.facebook.com\/engineeringmachiningprecision","article_modified_time":"2025-04-11T11:40:28+00:00","twitter_card":"summary_large_image","schema":{"@context":"https:\/\/schema.org","@graph":[{"@type":"WebPage","@id":"https:\/\/emp.tn\/offres-emploi\/","url":"https:\/\/emp.tn\/offres-emploi\/","name":"Offres d'emploi - EMP","isPartOf":{"@id":"https:\/\/emp.tn\/#website"},"datePublished":"2025-03-11T13:41:21+00:00","dateModified":"2025-04-11T11:40:28+00:00","breadcrumb":{"@id":"https:\/\/emp.tn\/offres-emploi\/#breadcrumb"},"inLanguage":"en-GB","potentialAction":[{"@type":"ReadAction","target":["https:\/\/emp.tn\/offres-emploi\/"]}]},{"@type":"BreadcrumbList","@id":"https:\/\/emp.tn\/offres-emploi\/#breadcrumb","itemListElement":[{"@type":"ListItem","position":1,"name":"Accueil","item":"https:\/\/emp.tn\/"},{"@type":"ListItem","position":2,"name":"Offres d&#8217;emploi"}]},{"@type":"WebSite","@id":"https:\/\/emp.tn\/#website","url":"https:\/\/emp.tn\/","name":"EMP","description":"Engineering and Machining precision","publisher":{"@id":"https:\/\/emp.tn\/#organization"},"potentialAction":[{"@type":"SearchAction","target":{"@type":"EntryPoint","urlTemplate":"https:\/\/emp.tn\/?s={search_term_string}"},"query-input":{"@type":"PropertyValueSpecification","valueRequired":true,"valueName":"search_term_string"}}],"inLanguage":"en-GB"},{"@type":"Organization","@id":"https:\/\/emp.tn\/#organization","name":"EMP","url":"https:\/\/emp.tn\/","logo":{"@type":"ImageObject","inLanguage":"en-GB","@id":"https:\/\/emp.tn\/#\/schema\/logo\/image\/","url":"https:\/\/emp.tn\/wp-content\/uploads\/2019\/12\/cropped-Logo-emp-Ahmed.png","contentUrl":"https:\/\/emp.tn\/wp-content\/uploads\/2019\/12\/cropped-Logo-emp-Ahmed.png","width":512,"height":512,"caption":"EMP"},"image":{"@id":"https:\/\/emp.tn\/#\/schema\/logo\/image\/"},"sameAs":["https:\/\/www.facebook.com\/engineeringmachiningprecision"]}]}},"_links":{"self":[{"href":"https:\/\/emp.tn\/en\/wp-json\/wp\/v2\/pages\/1785","targetHints":{"allow":["GET"]}}],"collection":[{"href":"https:\/\/emp.tn\/en\/wp-json\/wp\/v2\/pages"}],"about":[{"href":"https:\/\/emp.tn\/en\/wp-json\/wp\/v2\/types\/page"}],"author":[{"embeddable":true,"href":"https:\/\/emp.tn\/en\/wp-json\/wp\/v2\/users\/1"}],"replies":[{"embeddable":true,"href":"https:\/\/emp.tn\/en\/wp-json\/wp\/v2\/comments?post=1785"}],"version-history":[{"count":24,"href":"https:\/\/emp.tn\/en\/wp-json\/wp\/v2\/pages\/1785\/revisions"}],"predecessor-version":[{"id":2080,"href":"https:\/\/emp.tn\/en\/wp-json\/wp\/v2\/pages\/1785\/revisions\/2080"}],"wp:attachment":[{"href":"https:\/\/emp.tn\/en\/wp-json\/wp\/v2\/media?parent=1785"}],"curies":[{"name":"wp","href":"https:\/\/api.w.org\/{rel}","templated":true}]}}